{"id":15,"date":"2015-01-09T11:52:04","date_gmt":"2015-01-09T11:52:04","guid":{"rendered":"http:\/\/www.amnesty-braunschweig.de\/Braunschweig\/?page_id=15"},"modified":"2024-11-11T09:01:40","modified_gmt":"2024-11-11T09:01:40","slug":"ueber-uns","status":"publish","type":"page","link":"https:\/\/amnesty-braunschweig.de\/bs\/index.php\/ueber-uns\/","title":{"rendered":"\u00dcber uns"},"content":{"rendered":"<p>Herzlich willkommen auf der Internetseite der Braunschweiger Amnesty-Gruppe!<\/p>\n<p>Wir treffen jeden 1. und 3. Mittwoch im Monat, derzeit am 1. Mittwoch im Wendentorwall 20 in den R\u00e4umen der Reformierten Gemeinde um 20:00 Uhr, und am 3. Mittwoch des Monats online um 19 Uhr 30.\u00a0 Interessenten k\u00f6nnen am besten vorher per <a href=\"mailto:bs@amnesty-braunschweig.de\">E-Mail<\/a> Kontakt aufnehmen.<\/p>\n<p><!--Weniger formell findet gew\u00f6hnlich am 3. Montag im Monat um 19:00 Uhr unser Stammtisch in der DRK-Kaufbar statt, Helmstedter Stra\u00dfe 135. Meistens hat jemand ein Thema vorbereitet, auf jeden Fall geht es dort nicht um organisatorisches, wie bei den Gruppentreffen.\n\nWir sind auch <a href=\"https:\/\/www.facebook.com\/groups\/1566555233602290\/\">hier bei Facebook<\/a> zu finden.\n--><\/p>\n<p><b>1. Montag im Monat von 12:10 bis 12:40 Uhr: Okerwelle<\/b><br \/>\nJeden 1. Montag im Monat gestalten wir das Programm der Okerwelle auf 104.6 MHz.<\/p>\n<p>Wir sind auch bei <a href=\"https:\/\/www.instagram.com\/amnesty_braunschweig\/\">Instagram<\/a> und <a href=\"https:\/\/www.facebook.com\/AmnestyBS\/\">Facebook<\/a> pr\u00e4sent. Die Beitr\u00e4ge der Homepage k\u00f6nnen per RSS-Feed abonniert werden, unter: https:\/\/amnesty-braunschweig.de\/bs\/?feed=rss2<\/p>\n<p><!--Im Mai 2019 haben wir unsern 50. Geburtstag gefeiert, <a href=\"http:\/\/amnesty-braunschweig.de\/bs\/index.php\/2019\/04\/11\/so-12-mai-wir-feiern-unsern-50-geburtstag\/\">hier die Nachlese<\/a>.\n\n<img loading=\"lazy\" decoding=\"async\" class=\"alignnone size-medium wp-image-735\" src=\"https:\/\/amnesty-braunschweig.de\/bs\/wp-content\/uploads\/2021\/11\/190512_50J_AIBS-300x169.jpg\" alt=\"\" width=\"300\" height=\"169\" srcset=\"https:\/\/amnesty-braunschweig.de\/bs\/wp-content\/uploads\/2021\/11\/190512_50J_AIBS-300x169.jpg 300w, https:\/\/amnesty-braunschweig.de\/bs\/wp-content\/uploads\/2021\/11\/190512_50J_AIBS.jpg 640w\" sizes=\"auto, (max-width: 300px) 100vw, 300px\" \/>\n\n--><strong>Urgend Actions<\/strong><br \/>\nEin ganz wesentlicher Teil unserer Menschenrechtsarbeit sind die weltweiten Appelle und Briefe an verantwortliche Regierungsstellen, denen Amnesty Menschenrechtsverletzungen nachweist und vorwirft. Zahlreiche Erfolge bei der Unterst\u00fctzung bis zur Befreiung von H\u00e4ftlingen, die nur wegen ihres Eintretens f\u00fcr die Menschenrechte in Haft sind, gefoltert oder mit dem Tod bedroht werden, ermutigen uns, diese Briefaktionen fortzusetzen, weil wir wissen, dass die Masse der Appelle aus aller Welt nicht ohne Wirkung bleibt. Auch wer an einer Mitarbeit in einer \u00f6rtlichen Amnesty-Gruppe weniger interessiert ist, kann sich von zu Hause beteiligen. Die Amnesty-Gruppe Braunschweig hat einen Verteiler, der regelm\u00e4\u00dfig Eilbriefe, sogenannte \u201eUrgent Actions\u201c, von der Zentrale zugeschickt bekommt und diese weiter leitet. Ein Eilbrief enth\u00e4lt alle erforderlichen Informationen \u00fcber einen spezifischen Fall, \u00fcber die zu unterst\u00fctzenden Personen bzw. Personengruppen, \u00fcber die Adressaten des Appells sowie einen Textvorschlag f\u00fcr den pers\u00f6nlichen Brief. Wer Interesse hat, sich zu beteiligen oder weitere Informationen haben m\u00f6chte, wende sich bitte per E-Mail an <a href=\"mailto:volker.mewes@web.de\">Volker Mewes.<\/a><\/p>\n<p><b>4x pro Jahr<\/b><br \/>\nDie Braunschweiger Amnesty-Gruppe beteiligt sich an der Aktion &#8222;4x pro Jahr&#8220;. Hier bekommt man 4x im Jahr per Mail Informationen zu einem Fall von Amnesty und einen fertig verfassten Brief, den man nur noch ausdrucken, ausf\u00fcllen und unterschreiben und dann abschicken muss.<br \/>\nInzwischen gibt es auch in Braunschweig daf\u00fcr einen gr\u00f6\u00dferen Verteiler, weil sich immer mehr Menschen daran beteiligen, da die Aktion nicht so zeitintensiv ist und man sich trotzdem f\u00fcr Amnesty bzw. f\u00fcr einen bedrohten Menschen einsetzen kann.<br \/>\nKontakt und Information: <a href=\"mailto:udo.dittmann@t-online.de\">udo.dittmann@t-online.de<\/a>.<\/p>\n<p>Au\u00dferdem gibt es immer auf der Seite von <a href=\"https:\/\/www.amnesty.de\/mitmachen\/urgent-actions\">Amnesty Deutschland<\/a> die M\u00f6glichkeit, sich f\u00fcr Menschen einzusetzen.<\/p>\n","protected":false},"excerpt":{"rendered":"<p>Herzlich willkommen auf der Internetseite der Braunschweiger Amnesty-Gruppe! Wir treffen jeden 1. und 3. Mittwoch im Monat, derzeit am 1. Mittwoch im Wendentorwall 20 in den R\u00e4umen der Reformierten Gemeinde um 20:00 Uhr, und am 3. Mittwoch des Monats online um 19 Uhr 30.\u00a0 Interessenten k\u00f6nnen am besten vorher per E-Mail Kontakt aufnehmen. 1. Montag&hellip; <a class=\"more-link\" href=\"https:\/\/amnesty-braunschweig.de\/bs\/index.php\/ueber-uns\/\"><span class=\"screen-reader-text\">\u00dcber uns<\/span> weiterlesen<\/a><\/p>\n","protected":false},"author":2,"featured_media":0,"parent":0,"menu_order":0,"comment_status":"closed","ping_status":"closed","template":"","meta":{"footnotes":""},"class_list":["post-15","page","type-page","status-publish","hentry","entry"],"_links":{"self":[{"href":"https:\/\/amnesty-braunschweig.de\/bs\/index.php\/wp-json\/wp\/v2\/pages\/15","targetHints":{"allow":["GET"]}}],"collection":[{"href":"https:\/\/amnesty-braunschweig.de\/bs\/index.php\/wp-json\/wp\/v2\/pages"}],"about":[{"href":"https:\/\/amnesty-braunschweig.de\/bs\/index.php\/wp-json\/wp\/v2\/types\/page"}],"author":[{"embeddable":true,"href":"https:\/\/amnesty-braunschweig.de\/bs\/index.php\/wp-json\/wp\/v2\/users\/2"}],"replies":[{"embeddable":true,"href":"https:\/\/amnesty-braunschweig.de\/bs\/index.php\/wp-json\/wp\/v2\/comments?post=15"}],"version-history":[{"count":15,"href":"https:\/\/amnesty-braunschweig.de\/bs\/index.php\/wp-json\/wp\/v2\/pages\/15\/revisions"}],"predecessor-version":[{"id":958,"href":"https:\/\/amnesty-braunschweig.de\/bs\/index.php\/wp-json\/wp\/v2\/pages\/15\/revisions\/958"}],"wp:attachment":[{"href":"https:\/\/amnesty-braunschweig.de\/bs\/index.php\/wp-json\/wp\/v2\/media?parent=15"}],"curies":[{"name":"wp","href":"https:\/\/api.w.org\/{rel}","templated":true}]}}